{"id":8283,"date":"2015-01-19T09:17:06","date_gmt":"2015-01-19T08:17:06","guid":{"rendered":"https:\/\/bubble.works.digitly.cz\/bublifuky\/"},"modified":"2026-02-04T13:01:51","modified_gmt":"2026-02-04T12:01:51","slug":"bubble-blowers","status":"publish","type":"page","link":"https:\/\/bubble.works.digitly.cz\/en\/bubble-blowers\/","title":{"rendered":"Bubble toys"},"content":{"rendered":"\n<style type=\"text\/css\" data-created_by=\"avia_inline_auto\" id=\"style-css-av-lvcs0brj-c7839b84137b827d2613ea05aa27725e\">\n.avia-section.av-lvcs0brj-c7839b84137b827d2613ea05aa27725e{\nbackground-repeat:no-repeat;\nbackground-image:url(https:\/\/bubble.works.digitly.cz\/wp-content\/uploads\/BG_DUHA.jpg);\nbackground-position:0% 0%;\nbackground-attachment:scroll;\nposition:relative;\n}\n.avia-section.av-lvcs0brj-c7839b84137b827d2613ea05aa27725e .avia-divider-svg-bottom svg{\nheight:50px;\nwidth:calc(100% + 1.3px);\nfill:#ffffff;\n}\n<\/style>\n<div id='av_section_1'  class='avia-section av-lvcs0brj-c7839b84137b827d2613ea05aa27725e main_color avia-section-default avia-no-border-styling  avia-builder-el-0  el_before_av_section  avia-builder-el-first  avia-full-stretch avia-bg-style-scroll container_wrap sidebar_right'  data-section-bg-repeat='stretch'><div class='avia-divider-svg avia-divider-svg-opacity-tilt avia-divider-svg-bottom avia-svg-original'><svg xmlns=\"http:\/\/www.w3.org\/2000\/svg\" viewBox=\"0 0 2600 131.1\" preserveAspectRatio=\"none\">\n\t<path d=\"M0 0L2600 0 2600 69.1 0 0z\"\/>\n\t<path style=\"opacity:0.5\" d=\"M0 0L2600 0 2600 69.1 0 69.1z\"\/>\n\t<path style=\"opacity:0.25\" d=\"M2600 0L0 0 0 130.1 2600 69.1z\"\/>\n<\/svg><\/div><div class='container av-section-cont-open' ><main  role=\"main\" itemprop=\"mainContentOfPage\"  class='template-page content  av-content-small alpha units'><div class='post-entry post-entry-type-page post-entry-8283'><div class='entry-content-wrapper clearfix'>\n\n<style type=\"text\/css\" data-created_by=\"avia_inline_auto\" id=\"style-css-av-lofqkd8i-19032a9f8773e03cfd1c0c5cd12a451c\">\n#top .av-special-heading.av-lofqkd8i-19032a9f8773e03cfd1c0c5cd12a451c{\npadding-bottom:10px;\ncolor:#ffffff;\nfont-size:40px;\n}\nbody .av-special-heading.av-lofqkd8i-19032a9f8773e03cfd1c0c5cd12a451c .av-special-heading-tag .heading-char{\nfont-size:25px;\n}\n#top #wrap_all .av-special-heading.av-lofqkd8i-19032a9f8773e03cfd1c0c5cd12a451c .av-special-heading-tag{\nfont-size:40px;\n}\n.av-special-heading.av-lofqkd8i-19032a9f8773e03cfd1c0c5cd12a451c .special-heading-inner-border{\nborder-color:#ffffff;\n}\n.av-special-heading.av-lofqkd8i-19032a9f8773e03cfd1c0c5cd12a451c .av-subheading{\nfont-size:15px;\n}\n\n@media only screen and (min-width: 480px) and (max-width: 767px){ \n#top #wrap_all .av-special-heading.av-lofqkd8i-19032a9f8773e03cfd1c0c5cd12a451c .av-special-heading-tag{\nfont-size:0.8em;\n}\n}\n\n@media only screen and (max-width: 479px){ \n#top #wrap_all .av-special-heading.av-lofqkd8i-19032a9f8773e03cfd1c0c5cd12a451c .av-special-heading-tag{\nfont-size:0.8em;\n}\n}\n<\/style>\n<div  class='av-special-heading av-lofqkd8i-19032a9f8773e03cfd1c0c5cd12a451c av-special-heading-h1 custom-color-heading blockquote modern-quote  avia-builder-el-1  el_before_av_hr  avia-builder-el-first  av-inherit-size'><h1 class='av-special-heading-tag '  itemprop=\"headline\"  >Custom production of advertising bubble blowers<\/h1><div class=\"special-heading-border\"><div class=\"special-heading-inner-border\"><\/div><\/div><\/div>\n\n<style type=\"text\/css\" data-created_by=\"avia_inline_auto\" id=\"style-css-av-lvcrzpd8-ec7afdc01ced316f0dc44bb4ca1388f5\">\n#top .hr.hr-invisible.av-lvcrzpd8-ec7afdc01ced316f0dc44bb4ca1388f5{\nheight:30px;\n}\n<\/style>\n<div  class='hr av-lvcrzpd8-ec7afdc01ced316f0dc44bb4ca1388f5 hr-invisible  avia-builder-el-2  el_after_av_heading  avia-builder-el-last '><span class='hr-inner '><span class=\"hr-inner-style\"><\/span><\/span><\/div>\n\n<\/div><\/div><\/main><!-- close content main element --><\/div><\/div><div id='av_section_2'  class='avia-section av-av_section-1715da25d43a710ba53aa388fdc1932a main_color avia-section-default avia-no-border-styling  avia-builder-el-3  el_after_av_section  el_before_av_section  avia-bg-style-scroll container_wrap sidebar_right'  ><div class='container av-section-cont-open' ><div class='template-page content  av-content-small alpha units'><div class='post-entry post-entry-type-page post-entry-8283'><div class='entry-content-wrapper clearfix'>\n<div  class='flex_column av-6iiq3-e7797b93471ca7e2e2a67d09431b029f av_one_half  avia-builder-el-4  el_before_av_one_half  avia-builder-el-first  first flex_column_div  '     ><p>\n<style type=\"text\/css\" data-created_by=\"avia_inline_auto\" id=\"style-css-av-m5mw33b6-0090d0cfd37154585435054f5e6c7694\">\n.avia-image-container.av-m5mw33b6-0090d0cfd37154585435054f5e6c7694 img.avia_image{\nbox-shadow:none;\n}\n.avia-image-container.av-m5mw33b6-0090d0cfd37154585435054f5e6c7694 .av-image-caption-overlay-center{\ncolor:#ffffff;\n}\n<\/style>\n<div  class='avia-image-container av-m5mw33b6-0090d0cfd37154585435054f5e6c7694 av-styling- avia-align-center  avia-builder-el-5  el_before_av_hr  avia-builder-el-first '   itemprop=\"image\" itemscope=\"itemscope\" itemtype=\"https:\/\/schema.org\/ImageObject\" ><div class=\"avia-image-container-inner\"><div class=\"avia-image-overlay-wrap\"><img decoding=\"async\" fetchpriority=\"high\" class='wp-image-8109 avia-img-lazy-loading-not-8109 avia_image ' src=\"https:\/\/bubble.works.digitly.cz\/wp-content\/uploads\/reklamni-bublifuky-60-ml-875x1030.jpg\" alt='' title='reklamni\u0301 bublifuky, 60 ml'  height=\"1030\" width=\"875\"  itemprop=\"thumbnailUrl\" srcset=\"https:\/\/bubble.works.digitly.cz\/wp-content\/uploads\/reklamni-bublifuky-60-ml-875x1030.jpg 875w, https:\/\/bubble.works.digitly.cz\/wp-content\/uploads\/reklamni-bublifuky-60-ml-255x300.jpg 255w, https:\/\/bubble.works.digitly.cz\/wp-content\/uploads\/reklamni-bublifuky-60-ml-768x904.jpg 768w, https:\/\/bubble.works.digitly.cz\/wp-content\/uploads\/reklamni-bublifuky-60-ml-599x705.jpg 599w, https:\/\/bubble.works.digitly.cz\/wp-content\/uploads\/reklamni-bublifuky-60-ml.jpg 1000w\" sizes=\"(max-width: 875px) 100vw, 875px\" \/><\/div><\/div><\/div><br \/>\n\n<style type=\"text\/css\" data-created_by=\"avia_inline_auto\" id=\"style-css-av-1mviaj-8c51481e77a0543d4e57b272d4001480\">\n#top .hr.hr-invisible.av-1mviaj-8c51481e77a0543d4e57b272d4001480{\nheight:100px;\n}\n<\/style>\n<div  class='hr av-1mviaj-8c51481e77a0543d4e57b272d4001480 hr-invisible  avia-builder-el-6  el_after_av_image  el_before_av_image '><span class='hr-inner '><span class=\"hr-inner-style\"><\/span><\/span><\/div><br \/>\n\n<style type=\"text\/css\" data-created_by=\"avia_inline_auto\" id=\"style-css-av-m5mw6ept-1fa7e08f0c158faf5cc56d393ba76693\">\n.avia-image-container.av-m5mw6ept-1fa7e08f0c158faf5cc56d393ba76693 img.avia_image{\nbox-shadow:none;\n}\n.avia-image-container.av-m5mw6ept-1fa7e08f0c158faf5cc56d393ba76693 .av-image-caption-overlay-center{\ncolor:#ffffff;\n}\n<\/style>\n<div  class='avia-image-container av-m5mw6ept-1fa7e08f0c158faf5cc56d393ba76693 av-styling- avia_animated_image av-animated-when-visible-95 fade-in avia-align-center  avia-builder-el-7  el_after_av_hr  el_before_av_hr '   itemprop=\"image\" itemscope=\"itemscope\" itemtype=\"https:\/\/schema.org\/ImageObject\" ><div class=\"avia-image-container-inner\"><div class=\"avia-image-overlay-wrap\"><img decoding=\"async\" fetchpriority=\"high\" class='wp-image-8958 avia-img-lazy-loading-not-8958 avia_image ' src=\"https:\/\/bubble.works.digitly.cz\/wp-content\/uploads\/D7F2F2C5-7FCB-4FC5-95E6-FDB40696C085_1_105_c-1030x750.jpeg\" alt='Reklman\u00ed bublifuk s hra\u010dkou' title='D7F2F2C5-7FCB-4FC5-95E6-FDB40696C085_1_105_c'  height=\"750\" width=\"1030\"  itemprop=\"thumbnailUrl\"  \/><\/div><\/div><\/div><br \/>\n\n<style type=\"text\/css\" data-created_by=\"avia_inline_auto\" id=\"style-css-av-1fpqyz-d773fffcf3f622f3abefcc9dbb1d3031\">\n#top .hr.hr-invisible.av-1fpqyz-d773fffcf3f622f3abefcc9dbb1d3031{\nheight:50px;\n}\n<\/style>\n<div  class='hr av-1fpqyz-d773fffcf3f622f3abefcc9dbb1d3031 hr-invisible  avia-builder-el-8  el_after_av_image  avia-builder-el-last '><span class='hr-inner '><span class=\"hr-inner-style\"><\/span><\/span><\/div><\/p><\/div><div  class='flex_column av-17k04j-c6e84363efa96b186a5e3217a75c08c7 av_one_half  avia-builder-el-9  el_after_av_one_half  avia-builder-el-last  flex_column_div  '     ><p>\n<style type=\"text\/css\" data-created_by=\"avia_inline_auto\" id=\"style-css-av-m5mvyxbk-2de6ac7787c71902a6fbb276ba8a7672\">\n#top .av-special-heading.av-m5mvyxbk-2de6ac7787c71902a6fbb276ba8a7672{\npadding-bottom:10px;\ncolor:#a300cc;\n}\nbody .av-special-heading.av-m5mvyxbk-2de6ac7787c71902a6fbb276ba8a7672 .av-special-heading-tag .heading-char{\nfont-size:25px;\n}\n.av-special-heading.av-m5mvyxbk-2de6ac7787c71902a6fbb276ba8a7672 .special-heading-inner-border{\nborder-color:#a300cc;\n}\n.av-special-heading.av-m5mvyxbk-2de6ac7787c71902a6fbb276ba8a7672 .av-subheading{\nfont-size:15px;\n}\n<\/style>\n<div  class='av-special-heading av-m5mvyxbk-2de6ac7787c71902a6fbb276ba8a7672 av-special-heading-h3 custom-color-heading blockquote modern-quote  avia-builder-el-10  el_before_av_textblock  avia-builder-el-first '><h3 class='av-special-heading-tag '  itemprop=\"headline\"  >PROMOTIONAL BUBBLE BLOWER WITH CUSTOM LABEL<\/h3><div class=\"special-heading-border\"><div class=\"special-heading-inner-border\"><\/div><\/div><\/div><br \/>\n<section  class='av_textblock_section av-17wbnm-e4fa4a5b371cc333e7fbe7e3e5bfccd8 '   itemscope=\"itemscope\" itemtype=\"https:\/\/schema.org\/CreativeWork\" ><div class='avia_textblock'  itemprop=\"text\" ><p>Bubble blower contains the <strong>original formula that works great and doesn&#8217;t stain clothes!<\/strong> The bubble blower meets the European standard for toy safety EN 71.<\/p>\n<\/div><\/section><br \/>\n<section  class='av_textblock_section av-l66liq2h-c794442be784af27c6a6810b7c843ce3 '   itemscope=\"itemscope\" itemtype=\"https:\/\/schema.org\/CreativeWork\" ><div class='avia_textblock'  itemprop=\"text\" ><p><strong>The best promotional item for children and adults!<\/strong> Kids love bubbles and adults love to go back to their childhood years with them. Did you know that a&nbsp;bubble blower is a&nbsp;great <strong>anti-stress tool<\/strong>? Blowing into the bubble blower regulates breathing and this calms people down when they are under a&nbsp;lot of stress. In children, this <strong>wonderful toy<\/strong> has been proven to have speech therapy benefits. You simply cannot go wrong with our bubble blowers!<\/p>\n<div class=\"text\"><\/div>\n<\/div><\/section><br \/>\n\n<style type=\"text\/css\" data-created_by=\"avia_inline_auto\" id=\"style-css-av-1532qj-65c1f1f088715aa2057ed0a41f26cac3\">\n#top .hr.av-1532qj-65c1f1f088715aa2057ed0a41f26cac3{\nmargin-top:5px;\nmargin-bottom:30px;\n}\n.hr.av-1532qj-65c1f1f088715aa2057ed0a41f26cac3 .hr-inner{\nwidth:150px;\nborder-color:#dddddd;\n}\n<\/style>\n<div  class='hr av-1532qj-65c1f1f088715aa2057ed0a41f26cac3 hr-custom  avia-builder-el-13  el_after_av_textblock  el_before_av_textblock  hr-left hr-icon-no'><span class='hr-inner inner-border-av-border-thin'><span class=\"hr-inner-style\"><\/span><\/span><\/div><br \/>\n<section  class='av_textblock_section av-m5mewtwf-199c89be2a11322fd0f3e5978413da6c '   itemscope=\"itemscope\" itemtype=\"https:\/\/schema.org\/CreativeWork\" ><div class='avia_textblock'  itemprop=\"text\" ><h3>Production information<\/h3>\n<p>White bottle + white or coloured cap according to current offer and availability, pink liquid, white label.<\/p>\n<p><strong>We now also offer a&nbsp;version of bubble blowers with a&nbsp;toy on the cap.<\/strong><\/p>\n<p>Volume: 60 ml.<\/p>\n<p>Printing: graphics in CMYK mode, 300 DPI, in vectors, size w: 95 mm, h: 63 mm. We will place the necessary product information and warnings on the remaining area of the label. We print on an Alfinia LT5C laser printer, on white film. The label is waterproof.<\/p>\n<p>Resolution: 1200 x 1200 DPI.<\/p>\n<p>Samples: we will send on request for 190 CZK.<\/p>\n<p>Delivery time: by agreement, usually within 2 weeks after approval of the graphics.<\/p>\n<\/div><\/section><br \/>\n\n<style type=\"text\/css\" data-created_by=\"avia_inline_auto\" id=\"style-css-av-wkn3n-f8c77273aa27065568d19954d10ed007\">\n#top .hr.av-wkn3n-f8c77273aa27065568d19954d10ed007{\nmargin-top:5px;\nmargin-bottom:30px;\n}\n.hr.av-wkn3n-f8c77273aa27065568d19954d10ed007 .hr-inner{\nwidth:150px;\nborder-color:#dddddd;\n}\n<\/style>\n<div  class='hr av-wkn3n-f8c77273aa27065568d19954d10ed007 hr-custom  avia-builder-el-15  el_after_av_textblock  el_before_av_textblock  hr-left hr-icon-no'><span class='hr-inner inner-border-av-border-thin'><span class=\"hr-inner-style\"><\/span><\/span><\/div><br \/>\n<section  class='av_textblock_section av-m5mexd4w-63512fed54c1c03cf2d9ec0653d73d70 '   itemscope=\"itemscope\" itemtype=\"https:\/\/schema.org\/CreativeWork\" ><div class='avia_textblock'  itemprop=\"text\" ><h3>Price offer *<\/h3>\n<p>from 100 pcs &#8211; 24 CZK\/pc<br \/>\nfrom 1.000 pcs &#8211; 22 CZK\/pc<br \/>\nfrom 2.000 pcs &#8211; 21 CZK\/pc<br \/>\nfrom 4.000 pcs &#8211; 20 CZK\/pc<br \/>\nfrom 8.000 pcs &#8211; 19 CZK\/pc<\/p>\n<p>* The price is valid for partial printing with logo or picture. In the case of full printing of the label will be charged extra 0,50 CZK\/pc.<\/p>\n<p>Shipping: 130 CZK per package (packed max. 250 pcs).<\/p>\n<p>Payment: in advance, by bank transfer.<\/p>\n<p>Prices are without VAT 21%.<\/p>\n<p><strong>WE OFFER DISCOUNTS AND COMMISSIONS FOR ADVERTISING AGENCIES!<\/strong><\/p>\n<\/div><\/section><br \/>\n\n<style type=\"text\/css\" data-created_by=\"avia_inline_auto\" id=\"style-css-av-skvy3-2598e18bbbe84c7fb0b03161ad3b216c\">\n#top .hr.av-skvy3-2598e18bbbe84c7fb0b03161ad3b216c{\nmargin-top:5px;\nmargin-bottom:30px;\n}\n.hr.av-skvy3-2598e18bbbe84c7fb0b03161ad3b216c .hr-inner{\nwidth:150px;\nborder-color:#dddddd;\n}\n<\/style>\n<div  class='hr av-skvy3-2598e18bbbe84c7fb0b03161ad3b216c hr-custom  avia-builder-el-17  el_after_av_textblock  el_before_av_buttonrow  hr-left hr-icon-no'><span class='hr-inner inner-border-av-border-thin'><span class=\"hr-inner-style\"><\/span><\/span><\/div><br \/>\n\n<style type=\"text\/css\" data-created_by=\"avia_inline_auto\" id=\"style-css-av-ir32b-68379afb67ab7fad2e3ee083cf799cb1\">\n.avia-buttonrow-wrap.av-ir32b-68379afb67ab7fad2e3ee083cf799cb1 .avia-button{\nfont-size:18px;\n}\n<\/style>\n<div  class='avia-buttonrow-wrap av-ir32b-68379afb67ab7fad2e3ee083cf799cb1 avia-buttonrow-left  avia-builder-el-18  el_after_av_hr  avia-builder-el-last '>\n\n<style type=\"text\/css\" data-created_by=\"avia_inline_auto\" id=\"style-css-av-t7ir-31bb13b8e18d0de4632f05fa903b4ba0\">\n#top #wrap_all .avia-button.av-t7ir-31bb13b8e18d0de4632f05fa903b4ba0{\nbackground-color:#e8e8e8;\nborder-color:#e8e8e8;\ncolor:#000000;\ntransition:all 0.4s ease-in-out;\nmargin-bottom:5px;\nmargin-right:5px;\n}\n#top #wrap_all .avia-button.av-t7ir-31bb13b8e18d0de4632f05fa903b4ba0 .avia-svg-icon svg:first-child{\nfill:#000000;\nstroke:#000000;\n}\n<\/style>\n<a href='https:\/\/bubble.works.digitly.cz\/objednavka\/'  class='avia-button av-t7ir-31bb13b8e18d0de4632f05fa903b4ba0 avia-icon_select-yes-left-icon avia-size-small'   aria-label=\"Send inquiry\"><span class='avia_button_icon avia_button_icon_left avia-iconfont avia-font-icomoon' data-av_icon='\ue905' data-av_iconfont='icomoon' ><\/span><span class='avia_iconbox_title' >Send inquiry<\/span><\/a>\n<\/div><\/p><\/div>\n\n<\/div><\/div><\/div><!-- close content main div --><\/div><\/div>\n<style type=\"text\/css\" data-created_by=\"avia_inline_auto\" id=\"style-css-av-m5mwdvtf-f00afa15044da5cd5e08616ba0fdd91d\">\n.avia-section.av-m5mwdvtf-f00afa15044da5cd5e08616ba0fdd91d{\nbackground-color:#b5b5b5;\nbackground-image:unset;\nposition:relative;\n}\n.avia-section.av-m5mwdvtf-f00afa15044da5cd5e08616ba0fdd91d .avia-divider-svg-top svg{\nheight:50px;\nwidth:calc(100% + 1.3px);\nfill:#ffffff;\n}\n<\/style>\n<div id='av_section_3'  class='avia-section av-m5mwdvtf-f00afa15044da5cd5e08616ba0fdd91d main_color avia-section-default avia-no-border-styling  avia-builder-el-19  el_after_av_section  avia-builder-el-last  avia-bg-style-scroll container_wrap sidebar_right'  ><div class='avia-divider-svg avia-divider-svg-opacity-tilt avia-divider-svg-top avia-svg-original'><svg xmlns=\"http:\/\/www.w3.org\/2000\/svg\" viewBox=\"0 0 2600 131.1\" preserveAspectRatio=\"none\">\n\t<path d=\"M0 0L2600 0 2600 69.1 0 0z\"\/>\n\t<path style=\"opacity:0.5\" d=\"M0 0L2600 0 2600 69.1 0 69.1z\"\/>\n\t<path style=\"opacity:0.25\" d=\"M2600 0L0 0 0 130.1 2600 69.1z\"\/>\n<\/svg><\/div><div class='container av-section-cont-open' ><div class='template-page content  av-content-small alpha units'><div class='post-entry post-entry-type-page post-entry-8283'><div class='entry-content-wrapper clearfix'>\n\n<style type=\"text\/css\" data-created_by=\"avia_inline_auto\" id=\"style-css-av-m5mwen3l-ad58a206ff390e9042c91fc3c90813cf\">\n#top .hr.hr-invisible.av-m5mwen3l-ad58a206ff390e9042c91fc3c90813cf{\nheight:50px;\n}\n<\/style>\n<div  class='hr av-m5mwen3l-ad58a206ff390e9042c91fc3c90813cf hr-invisible  avia-builder-el-20  el_before_av_contact  avia-builder-el-first '><span class='hr-inner '><span class=\"hr-inner-style\"><\/span><\/span><\/div>\n<form action=\"https:\/\/bubble.works.digitly.cz\/en\/bubble-blowers\/\" method=\"post\" data-fields-with-error=\"Found errors in the following field(s):\" class=\"avia_ajax_form av-form-labels-visible   avia-builder-el-21  el_after_av_hr  avia-builder-el-last   \" data-avia-form-id=\"1\" data-avia-redirect='' ><h3 class=''>DEMAND FOR CUSTOM PRODUCTION OF BUBBLE BLOWERS<\/h3><fieldset><p class='  first_form  form_element form_fullwidth' id='element_avia_1_1'><label for=\"avia_1_1\">Name <abbr class=\"required\" title=\"required\">*<\/abbr><\/label> <input name=\"avia_1_1\" class=\"text_input is_empty\" type=\"text\" id=\"avia_1_1\" value=\"\" \/><\/p><p class='  first_form  form_element form_fullwidth' id='element_avia_2_1'><label for=\"avia_2_1\">Company<\/label> <input name=\"avia_2_1\" class=\"text_input \" type=\"text\" id=\"avia_2_1\" value=\"\" \/><\/p><p class='  first_form  form_element form_fullwidth' id='element_avia_3_1'><label for=\"avia_3_1\">E-Mail <abbr class=\"required\" title=\"required\">*<\/abbr><\/label> <input name=\"avia_3_1\" class=\"text_input is_email\" type=\"text\" id=\"avia_3_1\" value=\"\" \/><\/p><p class='  first_form  form_element form_fullwidth' id='element_avia_4_1'><label for=\"avia_4_1\" class=\"textare_label hidden textare_label_avia_4_1\">Message <abbr class=\"required\" title=\"required\">*<\/abbr><\/label><textarea  name=\"avia_4_1\" class=\"text_area is_empty\" cols=\"40\" rows=\"7\" id=\"avia_4_1\" ><\/textarea><\/p><p class=\"hidden\"><input type=\"text\" name=\"avia_5_1\" class=\"hidden \" id=\"avia_5_1\" value=\"\" \/><\/p><p class='   form_element form_fullwidth' id='element_avia_6_1'><span class='value_verifier_label'>1 + 4 = ?<\/span><input name=\"avia_6_1_verifier\" type=\"hidden\" id=\"avia_6_1_verifier\" value=\"777567563\"\/><label for=\"avia_6_1\">Please prove that you are human by solving the equation <abbr class=\"required\" title=\"required\">*<\/abbr><\/label><input name=\"avia_6_1\" class=\"text_input captcha\" type=\"text\" id=\"avia_6_1\" value=\"\"\/><\/p><p class=\"form_element \"><input type=\"hidden\" value=\"1\" name=\"avia_generated_form1\" \/><input type=\"submit\" value=\"Submit\" class=\"button\"  data-sending-label=\"Sending\"\/><\/p><\/fieldset><\/form><div id=\"ajaxresponse_1\" class=\"ajaxresponse ajaxresponse_1 hidden\"><\/div>\n<\/div><\/div><\/div><!-- close content main div --><\/div><\/div><div id='after_section_3'  class='main_color av_default_container_wrap container_wrap sidebar_right'  ><div class='container av-section-cont-open' ><div class='template-page content  av-content-small alpha units'><div class='post-entry post-entry-type-page post-entry-8283'><div class='entry-content-wrapper clearfix'>\n","protected":false},"excerpt":{"rendered":"","protected":false},"author":2,"featured_media":0,"parent":0,"menu_order":0,"comment_status":"closed","ping_status":"closed","template":"","meta":{"footnotes":""},"class_list":["post-8283","page","type-page","status-publish","hentry"],"yoast_head":"<!-- This site is optimized with the Yoast SEO plugin v26.9 - https:\/\/yoast.com\/product\/yoast-seo-wordpress\/ -->\n<title>Advertising bubble blowers<\/title>\n<meta name=\"description\" content=\"Advertising bubble blowers - custom production. Fast delivery, thousands bubble blowers in stock. Unusual promotional item that will delight.\" \/>\n<meta name=\"robots\" content=\"index, follow, max-snippet:-1, max-image-preview:large, max-video-preview:-1\" \/>\n<link rel=\"canonical\" href=\"https:\/\/bubble.works.digitly.cz\/bublifuky\/\" \/>\n<meta property=\"og:locale\" content=\"en_US\" \/>\n<meta property=\"og:type\" content=\"article\" \/>\n<meta property=\"og:title\" content=\"Advertising bubble blowers\" \/>\n<meta property=\"og:description\" content=\"Advertising bubble blowers - custom production. Fast delivery, thousands bubble blowers in stock. Unusual promotional item that will delight.\" \/>\n<meta property=\"og:url\" content=\"https:\/\/bubble.works.digitly.cz\/bublifuky\/\" \/>\n<meta property=\"og:site_name\" content=\"Bubble Art \u2022 Bublin\u00e1\u0159 Mat\u011bj Kode\u0161\" \/>\n<meta property=\"article:publisher\" content=\"http:\/\/www.facebook.com\/bubbleshow\" \/>\n<meta property=\"article:modified_time\" content=\"2026-02-04T12:01:51+00:00\" \/>\n<meta name=\"twitter:label1\" content=\"Est. reading time\" \/>\n\t<meta name=\"twitter:data1\" content=\"3 minutes\" \/>\n<script type=\"application\/ld+json\" class=\"yoast-schema-graph\">{\"@context\":\"https:\/\/schema.org\",\"@graph\":[{\"@type\":\"WebPage\",\"@id\":\"https:\/\/bubble.works.digitly.cz\/bublifuky\/\",\"url\":\"https:\/\/bubble.works.digitly.cz\/bublifuky\/\",\"name\":\"Advertising bubble blowers\",\"isPartOf\":{\"@id\":\"https:\/\/bubble.works.digitly.cz\/#website\"},\"datePublished\":\"2015-01-19T08:17:06+00:00\",\"dateModified\":\"2026-02-04T12:01:51+00:00\",\"description\":\"Advertising bubble blowers - custom production. Fast delivery, thousands bubble blowers in stock. Unusual promotional item that will delight.\",\"breadcrumb\":{\"@id\":\"https:\/\/bubble.works.digitly.cz\/bublifuky\/#breadcrumb\"},\"inLanguage\":\"en-US\",\"potentialAction\":[{\"@type\":\"ReadAction\",\"target\":[\"https:\/\/bubble.works.digitly.cz\/bublifuky\/\"]}]},{\"@type\":\"BreadcrumbList\",\"@id\":\"https:\/\/bubble.works.digitly.cz\/bublifuky\/#breadcrumb\",\"itemListElement\":[{\"@type\":\"ListItem\",\"position\":1,\"name\":\"Dom\u016f\",\"item\":\"https:\/\/bubble.works.digitly.cz\/\"},{\"@type\":\"ListItem\",\"position\":2,\"name\":\"Bubble toys\"}]},{\"@type\":\"WebSite\",\"@id\":\"https:\/\/bubble.works.digitly.cz\/#website\",\"url\":\"https:\/\/bubble.works.digitly.cz\/\",\"name\":\"Bubble Art \u2022 Bublin\u00e1\u0159 Mat\u011bj Kode\u0161\",\"description\":\"Sc\u00e9nick\u00e9 show kombinuj\u00edc\u00ed bubliny, sv\u011btlo, hudbu a precizn\u00ed choreografii \u2013 od galave\u010der\u016f po velk\u00e9 rodinn\u00e9 produkce.\",\"potentialAction\":[{\"@type\":\"SearchAction\",\"target\":{\"@type\":\"EntryPoint\",\"urlTemplate\":\"https:\/\/bubble.works.digitly.cz\/?s={search_term_string}\"},\"query-input\":{\"@type\":\"PropertyValueSpecification\",\"valueRequired\":true,\"valueName\":\"search_term_string\"}}],\"inLanguage\":\"en-US\"}]}<\/script>\n<!-- \/ Yoast SEO plugin. -->","yoast_head_json":{"title":"Advertising bubble blowers","description":"Advertising bubble blowers - custom production. Fast delivery, thousands bubble blowers in stock. Unusual promotional item that will delight.","robots":{"index":"index","follow":"follow","max-snippet":"max-snippet:-1","max-image-preview":"max-image-preview:large","max-video-preview":"max-video-preview:-1"},"canonical":"https:\/\/bubble.works.digitly.cz\/bublifuky\/","og_locale":"en_US","og_type":"article","og_title":"Advertising bubble blowers","og_description":"Advertising bubble blowers - custom production. Fast delivery, thousands bubble blowers in stock. Unusual promotional item that will delight.","og_url":"https:\/\/bubble.works.digitly.cz\/bublifuky\/","og_site_name":"Bubble Art \u2022 Bublin\u00e1\u0159 Mat\u011bj Kode\u0161","article_publisher":"http:\/\/www.facebook.com\/bubbleshow","article_modified_time":"2026-02-04T12:01:51+00:00","twitter_misc":{"Est. reading time":"3 minutes"},"schema":{"@context":"https:\/\/schema.org","@graph":[{"@type":"WebPage","@id":"https:\/\/bubble.works.digitly.cz\/bublifuky\/","url":"https:\/\/bubble.works.digitly.cz\/bublifuky\/","name":"Advertising bubble blowers","isPartOf":{"@id":"https:\/\/bubble.works.digitly.cz\/#website"},"datePublished":"2015-01-19T08:17:06+00:00","dateModified":"2026-02-04T12:01:51+00:00","description":"Advertising bubble blowers - custom production. Fast delivery, thousands bubble blowers in stock. Unusual promotional item that will delight.","breadcrumb":{"@id":"https:\/\/bubble.works.digitly.cz\/bublifuky\/#breadcrumb"},"inLanguage":"en-US","potentialAction":[{"@type":"ReadAction","target":["https:\/\/bubble.works.digitly.cz\/bublifuky\/"]}]},{"@type":"BreadcrumbList","@id":"https:\/\/bubble.works.digitly.cz\/bublifuky\/#breadcrumb","itemListElement":[{"@type":"ListItem","position":1,"name":"Dom\u016f","item":"https:\/\/bubble.works.digitly.cz\/"},{"@type":"ListItem","position":2,"name":"Bubble toys"}]},{"@type":"WebSite","@id":"https:\/\/bubble.works.digitly.cz\/#website","url":"https:\/\/bubble.works.digitly.cz\/","name":"Bubble Art \u2022 Bublin\u00e1\u0159 Mat\u011bj Kode\u0161","description":"Sc\u00e9nick\u00e9 show kombinuj\u00edc\u00ed bubliny, sv\u011btlo, hudbu a precizn\u00ed choreografii \u2013 od galave\u010der\u016f po velk\u00e9 rodinn\u00e9 produkce.","potentialAction":[{"@type":"SearchAction","target":{"@type":"EntryPoint","urlTemplate":"https:\/\/bubble.works.digitly.cz\/?s={search_term_string}"},"query-input":{"@type":"PropertyValueSpecification","valueRequired":true,"valueName":"search_term_string"}}],"inLanguage":"en-US"}]}},"_links":{"self":[{"href":"https:\/\/bubble.works.digitly.cz\/en\/wp-json\/wp\/v2\/pages\/8283","targetHints":{"allow":["GET"]}}],"collection":[{"href":"https:\/\/bubble.works.digitly.cz\/en\/wp-json\/wp\/v2\/pages"}],"about":[{"href":"https:\/\/bubble.works.digitly.cz\/en\/wp-json\/wp\/v2\/types\/page"}],"author":[{"embeddable":true,"href":"https:\/\/bubble.works.digitly.cz\/en\/wp-json\/wp\/v2\/users\/2"}],"replies":[{"embeddable":true,"href":"https:\/\/bubble.works.digitly.cz\/en\/wp-json\/wp\/v2\/comments?post=8283"}],"version-history":[{"count":8,"href":"https:\/\/bubble.works.digitly.cz\/en\/wp-json\/wp\/v2\/pages\/8283\/revisions"}],"predecessor-version":[{"id":9066,"href":"https:\/\/bubble.works.digitly.cz\/en\/wp-json\/wp\/v2\/pages\/8283\/revisions\/9066"}],"wp:attachment":[{"href":"https:\/\/bubble.works.digitly.cz\/en\/wp-json\/wp\/v2\/media?parent=8283"}],"curies":[{"name":"wp","href":"https:\/\/api.w.org\/{rel}","templated":true}]}}