{"id":8272,"date":"2017-01-06T15:17:20","date_gmt":"2017-01-06T14:17:20","guid":{"rendered":"https:\/\/bubble.works.digitly.cz\/odhaleni-z-kourove-bubliny\/"},"modified":"2025-01-11T22:11:04","modified_gmt":"2025-01-11T21:11:04","slug":"unveiling-ceremony","status":"publish","type":"page","link":"https:\/\/bubble.works.digitly.cz\/en\/unveiling-ceremony\/","title":{"rendered":"Odhalen\u00ed z&nbsp;kou\u0159ov\u00e9 bubliny"},"content":{"rendered":"\n<style type=\"text\/css\" data-created_by=\"avia_inline_auto\" id=\"style-css-av-lvcrueb2-c9cd63806bc80d29d7126f8002265d41\">\n.avia-section.av-lvcrueb2-c9cd63806bc80d29d7126f8002265d41{\nbackground-repeat:no-repeat;\nbackground-image:url(https:\/\/bubble.works.digitly.cz\/wp-content\/uploads\/BG_DUHA.jpg);\nbackground-position:0% 0%;\nbackground-attachment:scroll;\nposition:relative;\n}\n.avia-section.av-lvcrueb2-c9cd63806bc80d29d7126f8002265d41 .avia-divider-svg-bottom svg{\nheight:50px;\nwidth:calc(100% + 1.3px);\nfill:#ffffff;\n}\n<\/style>\n<div id='av_section_1'  class='avia-section av-lvcrueb2-c9cd63806bc80d29d7126f8002265d41 main_color avia-section-default avia-no-border-styling  avia-builder-el-0  el_before_av_section  avia-builder-el-first  avia-full-stretch avia-bg-style-scroll container_wrap sidebar_right'  data-section-bg-repeat='stretch'><div class='avia-divider-svg avia-divider-svg-opacity-tilt avia-divider-svg-bottom avia-svg-original'><svg xmlns=\"http:\/\/www.w3.org\/2000\/svg\" viewBox=\"0 0 2600 131.1\" preserveAspectRatio=\"none\">\n\t<path d=\"M0 0L2600 0 2600 69.1 0 0z\"\/>\n\t<path style=\"opacity:0.5\" d=\"M0 0L2600 0 2600 69.1 0 69.1z\"\/>\n\t<path style=\"opacity:0.25\" d=\"M2600 0L0 0 0 130.1 2600 69.1z\"\/>\n<\/svg><\/div><div class='container av-section-cont-open' ><main  role=\"main\" itemprop=\"mainContentOfPage\"  class='template-page content  av-content-small alpha units'><div class='post-entry post-entry-type-page post-entry-8272'><div class='entry-content-wrapper clearfix'>\n\n<style type=\"text\/css\" data-created_by=\"avia_inline_auto\" id=\"style-css-av-lofrvsox-273f1598fb554bdaae870a4c50b0095b\">\n#top .av-special-heading.av-lofrvsox-273f1598fb554bdaae870a4c50b0095b{\npadding-bottom:10px;\ncolor:#ffffff;\nfont-size:40px;\n}\nbody .av-special-heading.av-lofrvsox-273f1598fb554bdaae870a4c50b0095b .av-special-heading-tag .heading-char{\nfont-size:25px;\n}\n#top #wrap_all .av-special-heading.av-lofrvsox-273f1598fb554bdaae870a4c50b0095b .av-special-heading-tag{\nfont-size:40px;\n}\n.av-special-heading.av-lofrvsox-273f1598fb554bdaae870a4c50b0095b .special-heading-inner-border{\nborder-color:#ffffff;\n}\n.av-special-heading.av-lofrvsox-273f1598fb554bdaae870a4c50b0095b .av-subheading{\nfont-size:15px;\n}\n\n@media only screen and (min-width: 480px) and (max-width: 767px){ \n#top #wrap_all .av-special-heading.av-lofrvsox-273f1598fb554bdaae870a4c50b0095b .av-special-heading-tag{\nfont-size:0.8em;\n}\n}\n\n@media only screen and (max-width: 479px){ \n#top #wrap_all .av-special-heading.av-lofrvsox-273f1598fb554bdaae870a4c50b0095b .av-special-heading-tag{\nfont-size:0.8em;\n}\n}\n<\/style>\n<div  class='av-special-heading av-lofrvsox-273f1598fb554bdaae870a4c50b0095b av-special-heading-h1 custom-color-heading blockquote modern-quote  avia-builder-el-1  el_before_av_hr  avia-builder-el-first  av-inherit-size'><h1 class='av-special-heading-tag '  itemprop=\"headline\"  >Unveiling ceremony<\/h1><div class=\"special-heading-border\"><div class=\"special-heading-inner-border\"><\/div><\/div><\/div>\n\n<style type=\"text\/css\" data-created_by=\"avia_inline_auto\" id=\"style-css-av-lvqs4vqv-74ccd89f3c0b51eba9cbdd3cfb972e51\">\n#top .hr.hr-invisible.av-lvqs4vqv-74ccd89f3c0b51eba9cbdd3cfb972e51{\nheight:20px;\n}\n<\/style>\n<div  class='hr av-lvqs4vqv-74ccd89f3c0b51eba9cbdd3cfb972e51 hr-invisible  avia-builder-el-2  el_after_av_heading  avia-builder-el-last '><span class='hr-inner '><span class=\"hr-inner-style\"><\/span><\/span><\/div>\n\n<\/div><\/div><\/main><!-- close content main element --><\/div><\/div>\n<style type=\"text\/css\" data-created_by=\"avia_inline_auto\" id=\"style-css-av-m5sokxc5-f71d7cf5a07527df32b5eaabbbd8602d\">\n.avia-section.av-m5sokxc5-f71d7cf5a07527df32b5eaabbbd8602d{\nbackground-color:#ffffff;\nbackground-image:unset;\n}\n<\/style>\n<div id='av_section_2'  class='avia-section av-m5sokxc5-f71d7cf5a07527df32b5eaabbbd8602d main_color avia-section-default avia-no-border-styling  avia-builder-el-3  el_after_av_section  avia-builder-el-last  avia-bg-style-scroll container_wrap sidebar_right'  ><div class='container av-section-cont-open' ><div class='template-page content  av-content-small alpha units'><div class='post-entry post-entry-type-page post-entry-8272'><div class='entry-content-wrapper clearfix'>\n<div  class='flex_column av-7g1t9l-371e685d6ea20f8b5b96fba2391fd86c av_one_half  avia-builder-el-4  el_before_av_one_half  avia-builder-el-first  first flex_column_div  '     ><div  class='avia-video av-7ucn7t-2f3d4aee82af503ff6794e73328c375a avia-video-16-9 av-no-preview-image avia-video-load-always av-lazyload-immediate av-lazyload-video-embed'  itemprop=\"video\" itemtype=\"https:\/\/schema.org\/VideoObject\"  data-original_url='https:\/\/www.youtube.com\/watch?v=-H-YABc4iGc'><script type='text\/html' class='av-video-tmpl'><div class='avia-iframe-wrap'><iframe loading=\"lazy\" width=\"1500\" height=\"844\" src=\"https:\/\/www.youtube.com\/embed\/-H-YABc4iGc?feature=oembed&autoplay=0&loop=0&controls=1&mute=0\" frameborder=\"0\" allowfullscreen><\/iframe><\/div><\/script><div class='av-click-to-play-overlay'><div class=\"avia_playpause_icon\"><\/div><\/div><\/div><\/div><div  class='flex_column av-56a51l-1f55e53f9bb9711836defeec9a4dcf35 av_one_half  avia-builder-el-6  el_after_av_one_half  avia-builder-el-last  flex_column_div  '     ><p>\n<style type=\"text\/css\" data-created_by=\"avia_inline_auto\" id=\"style-css-av-m5mvrlvt-a6c13d36e3f1cef68a1e9b62cd3d7481\">\n#top .av-special-heading.av-m5mvrlvt-a6c13d36e3f1cef68a1e9b62cd3d7481{\npadding-bottom:10px;\ncolor:#a300cc;\n}\nbody .av-special-heading.av-m5mvrlvt-a6c13d36e3f1cef68a1e9b62cd3d7481 .av-special-heading-tag .heading-char{\nfont-size:25px;\n}\n.av-special-heading.av-m5mvrlvt-a6c13d36e3f1cef68a1e9b62cd3d7481 .special-heading-inner-border{\nborder-color:#a300cc;\n}\n.av-special-heading.av-m5mvrlvt-a6c13d36e3f1cef68a1e9b62cd3d7481 .av-subheading{\nfont-size:15px;\n}\n<\/style>\n<div  class='av-special-heading av-m5mvrlvt-a6c13d36e3f1cef68a1e9b62cd3d7481 av-special-heading-h3 custom-color-heading blockquote modern-quote  avia-builder-el-7  el_before_av_textblock  avia-builder-el-first '><h3 class='av-special-heading-tag '  itemprop=\"headline\"  >Exclusive novelty!<\/h3><div class=\"special-heading-border\"><div class=\"special-heading-inner-border\"><\/div><\/div><\/div><br \/>\n<section  class='av_textblock_section av-m5mvs3q2-4eeaa48425a9fef9260c494e64ffdb4f '   itemscope=\"itemscope\" itemtype=\"https:\/\/schema.org\/CreativeWork\" ><div class='avia_textblock'  itemprop=\"text\" ><div><\/div>\n<p>Are you planning an event to introduce a&nbsp;new product? Take advantage of our unique novelty &#8211; a&nbsp;bubble trick that will amaze every spectator &#8211; the SMOKE BUBBLE EXPOSURE. Be inspired by our video. They were the first to try this novelty at the launch of Avon Life inspired by Kenzo Takada perfumes in Bratislava.<\/p>\n<p>References: Avon, Renault, \u0160koda, L&#8217;Or\u00e9al.<\/p>\n<div><\/div>\n<div><\/div>\n<div><\/div>\n<div><\/div>\n<div><\/div>\n<div><\/div>\n<div><\/div>\n<\/div><\/section><br \/>\n\n<style type=\"text\/css\" data-created_by=\"avia_inline_auto\" id=\"style-css-av-4f279l-35c6d36607a91601b836810a1016fc1c\">\n#top .hr.av-4f279l-35c6d36607a91601b836810a1016fc1c{\nmargin-top:5px;\nmargin-bottom:30px;\n}\n.hr.av-4f279l-35c6d36607a91601b836810a1016fc1c .hr-inner{\nwidth:150px;\nborder-color:#dddddd;\n}\n<\/style>\n<div  class='hr av-4f279l-35c6d36607a91601b836810a1016fc1c hr-custom  avia-builder-el-9  el_after_av_textblock  el_before_av_buttonrow  hr-left hr-icon-no'><span class='hr-inner inner-border-av-border-thin'><span class=\"hr-inner-style\"><\/span><\/span><\/div><br \/>\n\n<style type=\"text\/css\" data-created_by=\"avia_inline_auto\" id=\"style-css-av-m5mvt9az-2d2673f575ea1cc10a7f957cf58fa7fd\">\n.avia-buttonrow-wrap.av-m5mvt9az-2d2673f575ea1cc10a7f957cf58fa7fd .avia-button{\nfont-size:18px;\n}\n<\/style>\n<div  class='avia-buttonrow-wrap av-m5mvt9az-2d2673f575ea1cc10a7f957cf58fa7fd avia-buttonrow-left  avia-builder-el-10  el_after_av_hr  avia-builder-el-last '>\n\n<style type=\"text\/css\" data-created_by=\"avia_inline_auto\" id=\"style-css-av-m5mvt7g5-703f424cda1856ffdaa2ec4f9c9b0bc7\">\n#top #wrap_all .avia-button.av-m5mvt7g5-703f424cda1856ffdaa2ec4f9c9b0bc7{\nbackground-color:#e8e8e8;\nborder-color:#e8e8e8;\ncolor:#000000;\ntransition:all 0.4s ease-in-out;\nmargin-bottom:5px;\nmargin-right:5px;\n}\n#top #wrap_all .avia-button.av-m5mvt7g5-703f424cda1856ffdaa2ec4f9c9b0bc7 .avia-svg-icon svg:first-child{\nfill:#000000;\nstroke:#000000;\n}\n<\/style>\n<a href='https:\/\/www.instagram.com\/reel\/CpQqz67olKL\/'  class='avia-button av-m5mvt7g5-703f424cda1856ffdaa2ec4f9c9b0bc7 avia-icon_select-yes-left-icon avia-size-small'   aria-label=\"Unveiling for VIVO\"><span class='avia_button_icon avia_button_icon_left avia-iconfont avia-font-icomoon' data-av_icon='\ue91d' data-av_iconfont='icomoon' ><\/span><span class='avia_iconbox_title' >Unveiling for VIVO<\/span><\/a>\n\n<style type=\"text\/css\" data-created_by=\"avia_inline_auto\" id=\"style-css-av-2j5i09-f6bb065f181fdd76dec48d3a7d7e8470\">\n#top #wrap_all .avia-button.av-2j5i09-f6bb065f181fdd76dec48d3a7d7e8470{\nbackground-color:#e8e8e8;\nborder-color:#e8e8e8;\ncolor:#000000;\ntransition:all 0.4s ease-in-out;\nmargin-bottom:5px;\nmargin-right:5px;\n}\n#top #wrap_all .avia-button.av-2j5i09-f6bb065f181fdd76dec48d3a7d7e8470 .avia-svg-icon svg:first-child{\nfill:#000000;\nstroke:#000000;\n}\n<\/style>\n<a href='https:\/\/bubble.works.digitly.cz\/objednavka\/'  class='avia-button av-2j5i09-f6bb065f181fdd76dec48d3a7d7e8470 avia-icon_select-yes-left-icon avia-size-small'   aria-label=\"Booking\"><span class='avia_button_icon avia_button_icon_left avia-iconfont avia-font-icomoon' data-av_icon='\ue905' data-av_iconfont='icomoon' ><\/span><span class='avia_iconbox_title' >Booking<\/span><\/a>\n<\/div><\/p><\/div><\/div><\/div><\/div><!-- close content main div --><\/div><\/div><div id='after_section_2'  class='main_color av_default_container_wrap container_wrap sidebar_right'  ><div class='container av-section-cont-open' ><div class='template-page content  av-content-small alpha units'><div class='post-entry post-entry-type-page post-entry-8272'><div class='entry-content-wrapper clearfix'>\n","protected":false},"excerpt":{"rendered":"","protected":false},"author":2,"featured_media":0,"parent":0,"menu_order":0,"comment_status":"closed","ping_status":"closed","template":"","meta":{"footnotes":""},"class_list":["post-8272","page","type-page","status-publish","hentry"],"yoast_head":"<!-- This site is optimized with the Yoast SEO plugin v26.9 - https:\/\/yoast.com\/product\/yoast-seo-wordpress\/ -->\n<title>Unveiling from the bubble - exclusive novelty by Matej Kode\u0161!<\/title>\n<meta name=\"description\" content=\"Another great news from professional bubble maker Matej Kode\u0161! Revelations from the smoke bubble. Ideal for introducing a new product.\" \/>\n<meta name=\"robots\" content=\"index, follow, max-snippet:-1, max-image-preview:large, max-video-preview:-1\" \/>\n<link rel=\"canonical\" href=\"https:\/\/bubble.works.digitly.cz\/odhaleni-z-kourove-bubliny\/\" \/>\n<meta property=\"og:locale\" content=\"en_US\" \/>\n<meta property=\"og:type\" content=\"article\" \/>\n<meta property=\"og:title\" content=\"Unveiling from the bubble - exclusive novelty by Matej Kode\u0161!\" \/>\n<meta property=\"og:description\" content=\"Another great news from professional bubble maker Matej Kode\u0161! Revelations from the smoke bubble. Ideal for introducing a new product.\" \/>\n<meta property=\"og:url\" content=\"https:\/\/bubble.works.digitly.cz\/odhaleni-z-kourove-bubliny\/\" \/>\n<meta property=\"og:site_name\" content=\"Bubble Art \u2022 Bublin\u00e1\u0159 Mat\u011bj Kode\u0161\" \/>\n<meta property=\"article:publisher\" content=\"http:\/\/www.facebook.com\/bubbleshow\" \/>\n<meta property=\"article:modified_time\" content=\"2025-01-11T21:11:04+00:00\" \/>\n<meta name=\"twitter:label1\" content=\"Est. reading time\" \/>\n\t<meta name=\"twitter:data1\" content=\"1 minute\" \/>\n<script type=\"application\/ld+json\" class=\"yoast-schema-graph\">{\"@context\":\"https:\/\/schema.org\",\"@graph\":[{\"@type\":\"WebPage\",\"@id\":\"https:\/\/bubble.works.digitly.cz\/odhaleni-z-kourove-bubliny\/\",\"url\":\"https:\/\/bubble.works.digitly.cz\/odhaleni-z-kourove-bubliny\/\",\"name\":\"Unveiling from the bubble - exclusive novelty by Matej Kode\u0161!\",\"isPartOf\":{\"@id\":\"https:\/\/bubble.works.digitly.cz\/#website\"},\"datePublished\":\"2017-01-06T14:17:20+00:00\",\"dateModified\":\"2025-01-11T21:11:04+00:00\",\"description\":\"Another great news from professional bubble maker Matej Kode\u0161! Revelations from the smoke bubble. Ideal for introducing a new product.\",\"breadcrumb\":{\"@id\":\"https:\/\/bubble.works.digitly.cz\/odhaleni-z-kourove-bubliny\/#breadcrumb\"},\"inLanguage\":\"en-US\",\"potentialAction\":[{\"@type\":\"ReadAction\",\"target\":[\"https:\/\/bubble.works.digitly.cz\/odhaleni-z-kourove-bubliny\/\"]}]},{\"@type\":\"BreadcrumbList\",\"@id\":\"https:\/\/bubble.works.digitly.cz\/odhaleni-z-kourove-bubliny\/#breadcrumb\",\"itemListElement\":[{\"@type\":\"ListItem\",\"position\":1,\"name\":\"Dom\u016f\",\"item\":\"https:\/\/bubble.works.digitly.cz\/\"},{\"@type\":\"ListItem\",\"position\":2,\"name\":\"Odhalen\u00ed z&nbsp;kou\u0159ov\u00e9 bubliny\"}]},{\"@type\":\"WebSite\",\"@id\":\"https:\/\/bubble.works.digitly.cz\/#website\",\"url\":\"https:\/\/bubble.works.digitly.cz\/\",\"name\":\"Bubble Art \u2022 Bublin\u00e1\u0159 Mat\u011bj Kode\u0161\",\"description\":\"Sc\u00e9nick\u00e9 show kombinuj\u00edc\u00ed bubliny, sv\u011btlo, hudbu a precizn\u00ed choreografii \u2013 od galave\u010der\u016f po velk\u00e9 rodinn\u00e9 produkce.\",\"potentialAction\":[{\"@type\":\"SearchAction\",\"target\":{\"@type\":\"EntryPoint\",\"urlTemplate\":\"https:\/\/bubble.works.digitly.cz\/?s={search_term_string}\"},\"query-input\":{\"@type\":\"PropertyValueSpecification\",\"valueRequired\":true,\"valueName\":\"search_term_string\"}}],\"inLanguage\":\"en-US\"}]}<\/script>\n<!-- \/ Yoast SEO plugin. -->","yoast_head_json":{"title":"Unveiling from the bubble - exclusive novelty by Matej Kode\u0161!","description":"Another great news from professional bubble maker Matej Kode\u0161! Revelations from the smoke bubble. Ideal for introducing a new product.","robots":{"index":"index","follow":"follow","max-snippet":"max-snippet:-1","max-image-preview":"max-image-preview:large","max-video-preview":"max-video-preview:-1"},"canonical":"https:\/\/bubble.works.digitly.cz\/odhaleni-z-kourove-bubliny\/","og_locale":"en_US","og_type":"article","og_title":"Unveiling from the bubble - exclusive novelty by Matej Kode\u0161!","og_description":"Another great news from professional bubble maker Matej Kode\u0161! Revelations from the smoke bubble. Ideal for introducing a new product.","og_url":"https:\/\/bubble.works.digitly.cz\/odhaleni-z-kourove-bubliny\/","og_site_name":"Bubble Art \u2022 Bublin\u00e1\u0159 Mat\u011bj Kode\u0161","article_publisher":"http:\/\/www.facebook.com\/bubbleshow","article_modified_time":"2025-01-11T21:11:04+00:00","twitter_misc":{"Est. reading time":"1 minute"},"schema":{"@context":"https:\/\/schema.org","@graph":[{"@type":"WebPage","@id":"https:\/\/bubble.works.digitly.cz\/odhaleni-z-kourove-bubliny\/","url":"https:\/\/bubble.works.digitly.cz\/odhaleni-z-kourove-bubliny\/","name":"Unveiling from the bubble - exclusive novelty by Matej Kode\u0161!","isPartOf":{"@id":"https:\/\/bubble.works.digitly.cz\/#website"},"datePublished":"2017-01-06T14:17:20+00:00","dateModified":"2025-01-11T21:11:04+00:00","description":"Another great news from professional bubble maker Matej Kode\u0161! Revelations from the smoke bubble. Ideal for introducing a new product.","breadcrumb":{"@id":"https:\/\/bubble.works.digitly.cz\/odhaleni-z-kourove-bubliny\/#breadcrumb"},"inLanguage":"en-US","potentialAction":[{"@type":"ReadAction","target":["https:\/\/bubble.works.digitly.cz\/odhaleni-z-kourove-bubliny\/"]}]},{"@type":"BreadcrumbList","@id":"https:\/\/bubble.works.digitly.cz\/odhaleni-z-kourove-bubliny\/#breadcrumb","itemListElement":[{"@type":"ListItem","position":1,"name":"Dom\u016f","item":"https:\/\/bubble.works.digitly.cz\/"},{"@type":"ListItem","position":2,"name":"Odhalen\u00ed z&nbsp;kou\u0159ov\u00e9 bubliny"}]},{"@type":"WebSite","@id":"https:\/\/bubble.works.digitly.cz\/#website","url":"https:\/\/bubble.works.digitly.cz\/","name":"Bubble Art \u2022 Bublin\u00e1\u0159 Mat\u011bj Kode\u0161","description":"Sc\u00e9nick\u00e9 show kombinuj\u00edc\u00ed bubliny, sv\u011btlo, hudbu a precizn\u00ed choreografii \u2013 od galave\u010der\u016f po velk\u00e9 rodinn\u00e9 produkce.","potentialAction":[{"@type":"SearchAction","target":{"@type":"EntryPoint","urlTemplate":"https:\/\/bubble.works.digitly.cz\/?s={search_term_string}"},"query-input":{"@type":"PropertyValueSpecification","valueRequired":true,"valueName":"search_term_string"}}],"inLanguage":"en-US"}]}},"_links":{"self":[{"href":"https:\/\/bubble.works.digitly.cz\/en\/wp-json\/wp\/v2\/pages\/8272","targetHints":{"allow":["GET"]}}],"collection":[{"href":"https:\/\/bubble.works.digitly.cz\/en\/wp-json\/wp\/v2\/pages"}],"about":[{"href":"https:\/\/bubble.works.digitly.cz\/en\/wp-json\/wp\/v2\/types\/page"}],"author":[{"embeddable":true,"href":"https:\/\/bubble.works.digitly.cz\/en\/wp-json\/wp\/v2\/users\/2"}],"replies":[{"embeddable":true,"href":"https:\/\/bubble.works.digitly.cz\/en\/wp-json\/wp\/v2\/comments?post=8272"}],"version-history":[{"count":3,"href":"https:\/\/bubble.works.digitly.cz\/en\/wp-json\/wp\/v2\/pages\/8272\/revisions"}],"predecessor-version":[{"id":8273,"href":"https:\/\/bubble.works.digitly.cz\/en\/wp-json\/wp\/v2\/pages\/8272\/revisions\/8273"}],"wp:attachment":[{"href":"https:\/\/bubble.works.digitly.cz\/en\/wp-json\/wp\/v2\/media?parent=8272"}],"curies":[{"name":"wp","href":"https:\/\/api.w.org\/{rel}","templated":true}]}}